{"id":295,"date":"2022-04-19T08:32:26","date_gmt":"2022-04-19T06:32:26","guid":{"rendered":"https:\/\/www.schriftenmission.de\/?post_type=product&#038;p=295"},"modified":"2025-06-13T13:59:01","modified_gmt":"2025-06-13T11:59:01","slug":"seelsorge-und-okkultismus","status":"publish","type":"product","link":"https:\/\/www.schriftenmission.de\/en\/produkt\/seelsorge-und-okkultismus\/","title":{"rendered":"Seelsorge und Okkultismus"},"content":{"rendered":"<p>[et_pb_section fb_built=&#8221;1&#8243; _builder_version=&#8221;4.16&#8243; _module_preset=&#8221;default&#8221; global_colors_info=&#8221;{}&#8221;][\/et_pb_section]<\/p>\n","protected":false},"excerpt":{"rendered":"<p>Das Standardwerk zur Seelsorge in der 29. Auflage. Eine Auseinandersetzung der seelsorgerlichen Fragestellungen mit den psychologischen, parapsychologischen und medizinischen Grenzgebieten. Das Buch ist in viele Sprachen \u00fcbersetzt und wird als Textbuch an zahlreichen Universit\u00e4ten aller Kontinente benutzt.<\/p>\n","protected":false},"featured_media":370,"template":"","meta":{"_et_pb_use_builder":"on","_et_pb_old_content":"<ul>\r\n \t<li><strong>Gebundene Ausgabe:<\/strong>\u00a0685 Seiten<\/li>\r\n \t<li><strong>Verlag:<\/strong>\u00a0Bibel- und Schriftenmission Dr. Kurt E. Koch e.V.; Auflage: 29. Aufl. (11. Dezember 2020)<\/li>\r\n \t<li><strong>Sprache:<\/strong>\u00a0Deutsch<\/li>\r\n \t<li><strong>ISBN-13:<\/strong>\u00a0978-3-924293-72-7<\/li>\r\n<\/ul>\r\n<p class=\"bodytext\"><a href=\"\/wp-content\/uploads\/2022\/04\/Inhaltsverzeichnis-Seelsorge-und-Okkultismus.pdf\" target=\"_blank\" rel=\"noopener\">Inhaltsverzeichnis in neuem Fenster anzeigen.<\/a><\/p>\r\n<p class=\"bodytext\">Seelsorge und Okkultismus liegt nunmehr in der 29. Auflage vor.<\/p>\r\nTeil I ist eine Auseinandersetzung der seelsorgerlichen Fragestellungen mit den psychologischen, parapsychologischen und medizinischen Grenzgebieten.\r\n\r\nTeil II bearbeitet das Problem der Medialit\u00e4t aus der Sicht der Seelsorge.\r\n\r\nAlle Kapitel sind christozentrisch ausgerichtet. Das Buch ist in viele Sprachen \u00fcbersetzt und ist ein Textbuch an Universit\u00e4ten aller Kontinente.\r\n<p class=\"bodytext\">Der Autor gibt anhand einer F\u00fclle von praktischen Beispielen aus seiner jahrzehntelangen seelsorgerlichen Arbeit in aller Welt einen weiten \u00dcberblick \u00fcber das Thema. Niemand, der in seiner seelsorgerlichen T\u00e4tigkeit mit okkult Belasteten zu tun hat, wird an diesem Werk vorbeikommen.<\/p>\r\nEinige Themen aus dem Buch:\r\n<ul>\r\n \t<li>Der Einblick in die seelische Not der okkulten F\u00e4lle<\/li>\r\n \t<li>Die au\u00dfersinnliche Wahrnehmung (Totenerscheinung, Glasr\u00fccken, Trancereden, Wahrtraum, Telepathie, Hellsehen, Kartenlegen, Chiromantie, Astrologie, Rute und Pendeln\u2026)<\/li>\r\n \t<li>Die au\u00dfersinnliche Beeinflussung (Laienhypnose, Heilmagnetismus, Besprechen, Fernbeeinflussung, schwarze und wei\u00dfe Magie, Blutsverschreibung, Fetischismus\u2026)<\/li>\r\n \t<li>Die au\u00dfersinnlichen Erscheinungen (Materialisation, Spuk\u2026)<\/li>\r\n \t<li>Die kritische Pr\u00fcfung der F\u00e4lle<\/li>\r\n \t<li>Die okkulte Behaftung in psychiatrischer Sicht<\/li>\r\n \t<li>Die okkulten Ph\u00e4nomene in psychologischer Sicht<\/li>\r\n \t<li>Ergebnisse der parapsychologischen Forschung<\/li>\r\n \t<li>Die okkulten Ph\u00e4nomene aus der Sicht der Bibel<\/li>\r\n \t<li>Der Weg der Befreiung aus okkulter Behaftung<\/li>\r\n<\/ul>","_et_gb_content_width":""},"product_brand":[],"product_cat":[18,19,20],"product_tag":[],"class_list":{"0":"post-295","1":"product","2":"type-product","3":"status-publish","4":"has-post-thumbnail","6":"product_cat-aufklaerung","7":"product_cat-seelsorge","8":"product_cat-zeitkritische-themen","9":"product_shipping_class-schwere-pakete","11":"first","12":"instock","13":"taxable","14":"shipping-taxable","15":"purchasable","16":"product-type-simple"},"_links":{"self":[{"href":"https:\/\/www.schriftenmission.de\/en\/wp-json\/wp\/v2\/product\/295","targetHints":{"allow":["GET"]}}],"collection":[{"href":"https:\/\/www.schriftenmission.de\/en\/wp-json\/wp\/v2\/product"}],"about":[{"href":"https:\/\/www.schriftenmission.de\/en\/wp-json\/wp\/v2\/types\/product"}],"wp:featuredmedia":[{"embeddable":true,"href":"https:\/\/www.schriftenmission.de\/en\/wp-json\/wp\/v2\/media\/370"}],"wp:attachment":[{"href":"https:\/\/www.schriftenmission.de\/en\/wp-json\/wp\/v2\/media?parent=295"}],"wp:term":[{"taxonomy":"product_brand","embeddable":true,"href":"https:\/\/www.schriftenmission.de\/en\/wp-json\/wp\/v2\/product_brand?post=295"},{"taxonomy":"product_cat","embeddable":true,"href":"https:\/\/www.schriftenmission.de\/en\/wp-json\/wp\/v2\/product_cat?post=295"},{"taxonomy":"product_tag","embeddable":true,"href":"https:\/\/www.schriftenmission.de\/en\/wp-json\/wp\/v2\/product_tag?post=295"}],"curies":[{"name":"wp","href":"https:\/\/api.w.org\/{rel}","templated":true}]}}