{"id":277,"date":"2022-04-19T08:15:07","date_gmt":"2022-04-19T06:15:07","guid":{"rendered":"https:\/\/www.schriftenmission.de\/?post_type=product&#038;p=277"},"modified":"2025-06-13T13:59:00","modified_gmt":"2025-06-13T11:59:00","slug":"jesus-siegt","status":"publish","type":"product","link":"https:\/\/www.schriftenmission.de\/en\/produkt\/jesus-siegt\/","title":{"rendered":"Jesus siegt"},"content":{"rendered":"<p>[et_pb_section fb_built=&#8221;1&#8243; _builder_version=&#8221;4.16&#8243; _module_preset=&#8221;default&#8221; global_colors_info=&#8221;{}&#8221;][\/et_pb_section]<\/p>\n","protected":false},"excerpt":{"rendered":"<p>Trotz Gottlosigkeit, Nihilismus und Atheismus in dieser Welt geht Jesus Christus als Sieger hervor. Die einzelnen Tatsachenberichte bezeugen, dass Jesus \u00fcber drohende Gefahr, \u00fcber wirtschaftliche Not und \u00fcber alle Finsternismacht siegt.<\/p>\n","protected":false},"featured_media":362,"template":"","meta":{"_et_pb_use_builder":"on","_et_pb_old_content":"<ul>\r\n \t<li><strong>Taschenbuch<\/strong>: 96 Seiten<\/li>\r\n \t<li><strong>Autor<\/strong>: Dr. Kurt E. Koch<\/li>\r\n \t<li><strong>Verlag<\/strong>: Bibel- und Schriftenmission Dr. Kurt E. Koch e.V.<\/li>\r\n \t<li><strong>Sprache<\/strong>:\u00a0Deutsch<\/li>\r\n \t<li><strong>ISBN-10<\/strong>:\u00a0<span class=\"Apple-style-span\">3-924293-38-4<\/span><\/li>\r\n \t<li><strong>ISBN-13<\/strong>: 978-3-924293-38-3<\/li>\r\n<\/ul>\r\n<p class=\"bodytext\">10. Auflage<\/p>\r\n<p class=\"bodytext\"><a class=\"download\" href=\"https:\/\/schriftenmission.de\/media\/IHV\/IHV%20Jesus%20siegt.pdf\" target=\"_blank\" rel=\"noopener\">Inhaltsverzeichnis in neuem Fenster \u00f6ffnen.<\/a><\/p>","_et_gb_content_width":""},"product_brand":[],"product_cat":[25],"product_tag":[],"class_list":{"0":"post-277","1":"product","2":"type-product","3":"status-publish","4":"has-post-thumbnail","6":"product_cat-evangelistisch","7":"product_shipping_class-standard","9":"first","10":"instock","11":"taxable","12":"shipping-taxable","13":"purchasable","14":"product-type-simple"},"_links":{"self":[{"href":"https:\/\/www.schriftenmission.de\/en\/wp-json\/wp\/v2\/product\/277","targetHints":{"allow":["GET"]}}],"collection":[{"href":"https:\/\/www.schriftenmission.de\/en\/wp-json\/wp\/v2\/product"}],"about":[{"href":"https:\/\/www.schriftenmission.de\/en\/wp-json\/wp\/v2\/types\/product"}],"wp:featuredmedia":[{"embeddable":true,"href":"https:\/\/www.schriftenmission.de\/en\/wp-json\/wp\/v2\/media\/362"}],"wp:attachment":[{"href":"https:\/\/www.schriftenmission.de\/en\/wp-json\/wp\/v2\/media?parent=277"}],"wp:term":[{"taxonomy":"product_brand","embeddable":true,"href":"https:\/\/www.schriftenmission.de\/en\/wp-json\/wp\/v2\/product_brand?post=277"},{"taxonomy":"product_cat","embeddable":true,"href":"https:\/\/www.schriftenmission.de\/en\/wp-json\/wp\/v2\/product_cat?post=277"},{"taxonomy":"product_tag","embeddable":true,"href":"https:\/\/www.schriftenmission.de\/en\/wp-json\/wp\/v2\/product_tag?post=277"}],"curies":[{"name":"wp","href":"https:\/\/api.w.org\/{rel}","templated":true}]}}