{"id":275,"date":"2022-04-19T08:12:23","date_gmt":"2022-04-19T06:12:23","guid":{"rendered":"https:\/\/www.schriftenmission.de\/?post_type=product&#038;p=275"},"modified":"2025-06-13T13:59:00","modified_gmt":"2025-06-13T11:59:00","slug":"mit-jesus-in-alle-welt","status":"publish","type":"product","link":"https:\/\/www.schriftenmission.de\/en\/produkt\/mit-jesus-in-alle-welt\/","title":{"rendered":"Mit Jesus in alle Welt"},"content":{"rendered":"<p>[et_pb_section fb_built=&#8221;1&#8243; _builder_version=&#8221;4.16&#8243; _module_preset=&#8221;default&#8221; global_colors_info=&#8221;{}&#8221;][\/et_pb_section]<\/p>\n","protected":false},"excerpt":{"rendered":"<div class=\"post-content woocommerce-product-details__short-description\">\n<p>Biographie Dr. Kurt Koch (1913 &#8211; 1987) von Dr. Helmuth Pfandl<\/p>\n<\/div>\n","protected":false},"featured_media":352,"template":"","meta":{"_et_pb_use_builder":"on","_et_pb_old_content":"Biographie Dr. Kurt Koch (* 1913 in Berghausen, \u2020 1987 in Mosbach) von Dr. Helmuth Pfandl\r\n<ul>\r\n \t<li><strong>Hard-Cover<\/strong>: 288 Seiten, mit 415 farbige Abbildungen<\/li>\r\n \t<li><strong>Autor<\/strong>: Dr. Helmuth M. Pfandl<\/li>\r\n \t<li><strong>Verlag<\/strong>: Evangelization Publishers Laval Canada<\/li>\r\n \t<li><strong>Sprache<\/strong>:\u00a0Deutsch<\/li>\r\n \t<li><strong>ISBN-10<\/strong>:\u00a0<span class=\"Apple-style-span\">0-88981-016-8<\/span><\/li>\r\n \t<li><strong>ISBN-13<\/strong>: 978-0-88981-016-7<\/li>\r\n<\/ul>\r\n<p class=\"bodytext\"><a class=\"download\" href=\"\/wp-content\/uploads\/2022\/04\/IHV-Mit-Jesus-in-alle-Welt.pdf\" target=\"_blank\" rel=\"noopener\">Inhaltsverzeichnis in neuem Fenster \u00f6ffnen.<\/a><\/p>\r\n<p class=\"bodytext\">Dr. Helmuth Pfandl schreibt:<\/p>\r\n<p class=\"bodytext\">Je mehr ich Kurt Koch und seine B\u00fccher kennenlernte, desto mehr wurde mir klar, welchen Anfechtungen dieses Leben ausgesetzt war. Ein Leben, in dem trotz aller Fehler, Schw\u00e4chen und Unvollkommenheiten zweifellos Jesus Christus im Mittelpunkt steht; dies k\u00f6nnen ihm auch seine Gegner, sofern sie objektiv bleiben, nicht absprechen.\r\nDer Gedanke liegt nicht fern, da\u00df gerade so ein Leben einer Beschreibung bedarf, um vielleicht bei manchem eine Meinungskorrektur zu bewirken, besonders bei Christen, die gelegentlich zum Opfer einseitiger Information geworden sind.\r\nIch schrieb dar\u00fcber Kurt Koch. Nach l\u00e4ngerer Zeit, in der er, wie er mir sagte, meinen Vorschlag w\u00e4hrend seines Amerikaaufenthaltes \u00fcberdacht und dem Herrn im Gebet vorgelegt hatte, kam seine Zustimmung f\u00fcr diese Arbeit, allerdings unter einer Bedingung, da\u00df dem Herrn allein die Ehre gegeben werde, der in Kochs Leben immer wieder helfend, korrigierend und verzeihend eingegriffen hat. Dieser Wunsch deckte sich absolut mit meinen Intentionen, denn ER ist, auch meiner Meinung nach, unsere allererste und letzte Realit\u00e4t.<\/p>","_et_gb_content_width":""},"product_brand":[],"product_cat":[25,28],"product_tag":[],"class_list":{"0":"post-275","1":"product","2":"type-product","3":"status-publish","4":"has-post-thumbnail","6":"product_cat-evangelistisch","7":"product_cat-mission","8":"product_shipping_class-schwere-pakete","10":"first","11":"instock","12":"taxable","13":"shipping-taxable","14":"purchasable","15":"product-type-simple"},"_links":{"self":[{"href":"https:\/\/www.schriftenmission.de\/en\/wp-json\/wp\/v2\/product\/275","targetHints":{"allow":["GET"]}}],"collection":[{"href":"https:\/\/www.schriftenmission.de\/en\/wp-json\/wp\/v2\/product"}],"about":[{"href":"https:\/\/www.schriftenmission.de\/en\/wp-json\/wp\/v2\/types\/product"}],"wp:featuredmedia":[{"embeddable":true,"href":"https:\/\/www.schriftenmission.de\/en\/wp-json\/wp\/v2\/media\/352"}],"wp:attachment":[{"href":"https:\/\/www.schriftenmission.de\/en\/wp-json\/wp\/v2\/media?parent=275"}],"wp:term":[{"taxonomy":"product_brand","embeddable":true,"href":"https:\/\/www.schriftenmission.de\/en\/wp-json\/wp\/v2\/product_brand?post=275"},{"taxonomy":"product_cat","embeddable":true,"href":"https:\/\/www.schriftenmission.de\/en\/wp-json\/wp\/v2\/product_cat?post=275"},{"taxonomy":"product_tag","embeddable":true,"href":"https:\/\/www.schriftenmission.de\/en\/wp-json\/wp\/v2\/product_tag?post=275"}],"curies":[{"name":"wp","href":"https:\/\/api.w.org\/{rel}","templated":true}]}}