{"id":274,"date":"2022-04-19T08:10:48","date_gmt":"2022-04-19T06:10:48","guid":{"rendered":"https:\/\/www.schriftenmission.de\/?post_type=product&#038;p=274"},"modified":"2025-02-20T12:21:48","modified_gmt":"2025-02-20T11:21:48","slug":"jubilaeumsausgabe-gehet-hin-in-alle-welt","status":"publish","type":"product","link":"https:\/\/www.schriftenmission.de\/en\/produkt\/jubilaeumsausgabe-gehet-hin-in-alle-welt\/","title":{"rendered":"Gehet hin in alle Welt"},"content":{"rendered":"<p>[et_pb_section fb_built=&#8221;1&#8243; _builder_version=&#8221;4.16&#8243; _module_preset=&#8221;default&#8221; global_colors_info=&#8221;{}&#8221;][\/et_pb_section]<\/p>\n","protected":false},"excerpt":{"rendered":"<div class=\"post-content woocommerce-product-details__short-description\">\n<p><strong><em>\u201eGehet hin in alle Welt und predigt das Evangelium aller Kreatur\u201c<\/em><\/strong><\/p>\n<p class=\"bodytext\">Der Evangelist, Dozent, Autor und Gr\u00fcnder der Bibel- und Schriftenmission Dr. Kurt E. Koch (1913-1987) bereiste etwa 140 L\u00e4nder auf allen Kontinenten und ver\u00f6ffentlichte seine au\u00dfergew\u00f6hnlichen Erlebnisse in zahlreichen Publikationen. Eine minimale Auswahl besonderer Begegnungen stellt diese Ausgabe dar, anl\u00e4sslich des 70-j\u00e4hrigen Bestehens der Bibel- und Schriftenmission.<\/p>\n<\/div>\n","protected":false},"featured_media":374,"template":"","meta":{"_et_pb_use_builder":"on","_et_pb_old_content":"<ul>\r\n \t<li><strong>Gebundene Ausgabe:\u00a0<\/strong>111 Seiten<\/li>\r\n \t<li><strong>Verlag:\u00a0<\/strong>Bibel- und Schriftenmission Dr. Kurt E. Koch e.V.; 2. Auflage 2024<\/li>\r\n \t<li><strong>Sprache:\u00a0<\/strong>Deutsch<\/li>\r\n \t<li><strong>ISBN:\u00a0<\/strong>978-3-924293-71-0<\/li>\r\n<\/ul>\r\n<strong><em>\u201eGehet hin in alle Welt und predigt das Evangelium aller Kreatur\u201c\u00a0<\/em><\/strong>\r\n\r\nDer Evangelist, Dozent, Autor und Gr\u00fcnder der Bibel- und Schriftenmission Dr. Kurt E. Koch (1913-1987) folgte diesem Missionsbefehl Jesu. Er bereiste etwa 140 L\u00e4nder auf allen Kontinenten und ver\u00f6ffentlichte seine au\u00dfergew\u00f6hnlichen Erlebnisse in zahlreichen Publikationen. Eine minimale Auswahl besonderer Begegnungen stellt diese Ausgabe dar, anl\u00e4sslich des 70-j\u00e4hrigen Bestehens der Bibel- und Schriftenmission.","_et_gb_content_width":""},"product_brand":[],"product_cat":[25,28],"product_tag":[],"class_list":{"0":"post-274","1":"product","2":"type-product","3":"status-publish","4":"has-post-thumbnail","6":"product_cat-evangelistisch","7":"product_cat-mission","8":"product_shipping_class-standard","10":"first","11":"instock","12":"taxable","13":"shipping-taxable","14":"purchasable","15":"product-type-simple"},"_links":{"self":[{"href":"https:\/\/www.schriftenmission.de\/en\/wp-json\/wp\/v2\/product\/274","targetHints":{"allow":["GET"]}}],"collection":[{"href":"https:\/\/www.schriftenmission.de\/en\/wp-json\/wp\/v2\/product"}],"about":[{"href":"https:\/\/www.schriftenmission.de\/en\/wp-json\/wp\/v2\/types\/product"}],"wp:featuredmedia":[{"embeddable":true,"href":"https:\/\/www.schriftenmission.de\/en\/wp-json\/wp\/v2\/media\/374"}],"wp:attachment":[{"href":"https:\/\/www.schriftenmission.de\/en\/wp-json\/wp\/v2\/media?parent=274"}],"wp:term":[{"taxonomy":"product_brand","embeddable":true,"href":"https:\/\/www.schriftenmission.de\/en\/wp-json\/wp\/v2\/product_brand?post=274"},{"taxonomy":"product_cat","embeddable":true,"href":"https:\/\/www.schriftenmission.de\/en\/wp-json\/wp\/v2\/product_cat?post=274"},{"taxonomy":"product_tag","embeddable":true,"href":"https:\/\/www.schriftenmission.de\/en\/wp-json\/wp\/v2\/product_tag?post=274"}],"curies":[{"name":"wp","href":"https:\/\/api.w.org\/{rel}","templated":true}]}}