{"id":2157,"date":"2025-10-23T16:22:45","date_gmt":"2025-10-23T14:22:45","guid":{"rendered":"https:\/\/www.schriftenmission.de\/?post_type=product&#038;p=2157"},"modified":"2025-10-23T17:08:25","modified_gmt":"2025-10-23T15:08:25","slug":"die-magie","status":"publish","type":"product","link":"https:\/\/www.schriftenmission.de\/en\/produkt\/die-magie\/","title":{"rendered":"Die Magie"},"content":{"rendered":"<p>[et_pb_section fb_built=&#8221;1&#8243; _builder_version=&#8221;4.16&#8243; _module_preset=&#8221;default&#8221; global_colors_info=&#8221;{}&#8221;][\/et_pb_section]<\/p>\n","protected":false},"excerpt":{"rendered":"<p>Warnung vor den Folgen magischer Praktiken im Alltag.<\/p>\n","protected":false},"featured_media":2158,"template":"","meta":{"_et_pb_use_builder":"on","_et_pb_old_content":"Dieses Heft basiert auf jahrzehntelanger seelsorgerlicher Erfahrung und warnt eindringlich vor den Folgen magischer Praktiken im Alltag. Es zeigt, wie viele Menschen trotz moderner Erkenntnisse seelisch an Magie und okkulten Heilweisen zerbrechen und wie gro\u00df der Bedarf an klarer Aufkl\u00e4rung ist. Die Realit\u00e4t tausender seelsorgerlicher Gespr\u00e4che belegt: Magie ist keine harmlose Spielerei, sondern f\u00fchrt zu belastenden Abh\u00e4ngigkeiten und psychischen Problemen. Der Autor hebt hervor, dass trotz der Existenz finsterer M\u00e4chte Christus der Sieger ist. Wer den Weg zu Jesus findet, kann Befreiung und Hoffnung erfahren!\r\n<ul>\r\n \t<li><strong>Taschenbuch<\/strong>: 64 Seiten<\/li>\r\n \t<li><strong>Verlag<\/strong>: Bibel- und Schriftenmission Dr. Kurt E. Koch e.V.; Auflage: 2. Aufl. Oktober 2025<\/li>\r\n \t<li><strong>Sprache<\/strong>:\u00a0Deutsch<\/li>\r\n \t<li><strong>ISBN-13:<\/strong> 978-3-924293-74-1<\/li>\r\n<\/ul>\r\n&nbsp;","_et_gb_content_width":""},"product_brand":[],"product_cat":[25,19],"product_tag":[],"class_list":{"0":"post-2157","1":"product","2":"type-product","3":"status-publish","4":"has-post-thumbnail","6":"product_cat-evangelistisch","7":"product_cat-seelsorge","9":"first","10":"instock","11":"taxable","12":"shipping-taxable","13":"purchasable","14":"product-type-simple"},"_links":{"self":[{"href":"https:\/\/www.schriftenmission.de\/en\/wp-json\/wp\/v2\/product\/2157","targetHints":{"allow":["GET"]}}],"collection":[{"href":"https:\/\/www.schriftenmission.de\/en\/wp-json\/wp\/v2\/product"}],"about":[{"href":"https:\/\/www.schriftenmission.de\/en\/wp-json\/wp\/v2\/types\/product"}],"wp:featuredmedia":[{"embeddable":true,"href":"https:\/\/www.schriftenmission.de\/en\/wp-json\/wp\/v2\/media\/2158"}],"wp:attachment":[{"href":"https:\/\/www.schriftenmission.de\/en\/wp-json\/wp\/v2\/media?parent=2157"}],"wp:term":[{"taxonomy":"product_brand","embeddable":true,"href":"https:\/\/www.schriftenmission.de\/en\/wp-json\/wp\/v2\/product_brand?post=2157"},{"taxonomy":"product_cat","embeddable":true,"href":"https:\/\/www.schriftenmission.de\/en\/wp-json\/wp\/v2\/product_cat?post=2157"},{"taxonomy":"product_tag","embeddable":true,"href":"https:\/\/www.schriftenmission.de\/en\/wp-json\/wp\/v2\/product_tag?post=2157"}],"curies":[{"name":"wp","href":"https:\/\/api.w.org\/{rel}","templated":true}]}}