{"id":113,"date":"2022-03-29T16:58:19","date_gmt":"2022-03-29T14:58:19","guid":{"rendered":"https:\/\/www.schriftenmission.de\/?post_type=product&#038;p=113"},"modified":"2025-08-19T15:13:25","modified_gmt":"2025-08-19T13:13:25","slug":"okkultes-abc","status":"publish","type":"product","link":"https:\/\/www.schriftenmission.de\/en\/produkt\/okkultes-abc\/","title":{"rendered":"Okkultes ABC"},"content":{"rendered":"<p>[et_pb_section fb_built=&#8221;1&#8243; _builder_version=&#8221;4.16&#8243; custom_padding=&#8221;0px||||false|false&#8221; global_colors_info=&#8221;{}&#8221;][et_pb_row _builder_version=&#8221;4.16&#8243; background_size=&#8221;initial&#8221; background_position=&#8221;top_left&#8221; background_repeat=&#8221;repeat&#8221; width=&#8221;100%&#8221; custom_padding=&#8221;0px||0px||false|false&#8221; global_colors_info=&#8221;{}&#8221;][et_pb_column type=&#8221;4_4&#8243; _builder_version=&#8221;4.16&#8243; custom_padding=&#8221;|||&#8221; global_colors_info=&#8221;{}&#8221; custom_padding__hover=&#8221;|||&#8221;][et_pb_wc_breadcrumb _builder_version=&#8221;4.16&#8243; hover_enabled=&#8221;0&#8243; global_colors_info=&#8221;{}&#8221; sticky_enabled=&#8221;0&#8243;][\/et_pb_wc_breadcrumb][et_pb_wc_cart_notice _builder_version=&#8221;4.16&#8243; global_colors_info=&#8221;{}&#8221;][\/et_pb_wc_cart_notice][\/et_pb_column][\/et_pb_row][et_pb_row column_structure=&#8221;2_5,3_5&#8243; _builder_version=&#8221;4.16&#8243; background_size=&#8221;initial&#8221; background_position=&#8221;top_left&#8221; background_repeat=&#8221;repeat&#8221; width=&#8221;100%&#8221; custom_padding=&#8221;0px||||false|false&#8221; global_colors_info=&#8221;{}&#8221;][et_pb_column type=&#8221;2_5&#8243; _builder_version=&#8221;4.16&#8243; custom_padding=&#8221;|||&#8221; global_colors_info=&#8221;{}&#8221; custom_padding__hover=&#8221;|||&#8221;][et_pb_wc_images _builder_version=&#8221;4.16&#8243; global_colors_info=&#8221;{}&#8221;][\/et_pb_wc_images][\/et_pb_column][et_pb_column type=&#8221;3_5&#8243; _builder_version=&#8221;4.16&#8243; custom_padding=&#8221;|||&#8221; global_colors_info=&#8221;{}&#8221; custom_padding__hover=&#8221;|||&#8221;][et_pb_wc_title _builder_version=&#8221;4.16&#8243; global_colors_info=&#8221;{}&#8221;][\/et_pb_wc_title][et_pb_wc_price admin_label=&#8221;Woo Product Price&#8221; _builder_version=&#8221;4.16&#8243; body_text_color=&#8221;#000000&#8243; custom_margin=&#8221;||5px||false|false&#8221; custom_padding=&#8221;||||false|false&#8221; global_colors_info=&#8221;{}&#8221;][\/et_pb_wc_price][et_pb_text admin_label=&#8221;Inkl. MwSt &#038; kostenloser Versand&#8221; _builder_version=&#8221;4.16&#8243; _module_preset=&#8221;default&#8221; text_font_size=&#8221;14px&#8221; custom_margin=&#8221;||15px||false|false&#8221; global_colors_info=&#8221;{}&#8221;]<\/p>\n<p>Inkl. MwSt &amp; <span style=\"text-decoration: underline\"><a href=\"\/versand-und-zahlungsbedingungen\/\">kostenloser Versand<\/a><\/span><\/p>\n<p>[\/et_pb_text][et_pb_wc_description _builder_version=&#8221;4.16&#8243; link_text_color=&#8221;#8c582a&#8221; hover_enabled=&#8221;0&#8243; global_colors_info=&#8221;{}&#8221; sticky_enabled=&#8221;0&#8243;][\/et_pb_wc_description][et_pb_wc_add_to_cart _builder_version=&#8221;4.16&#8243; custom_css_fields=&#8221;padding: 7px;&#8221; global_colors_info=&#8221;{}&#8221;][\/et_pb_wc_add_to_cart][et_pb_wc_meta _builder_version=&#8221;4.16&#8243; global_colors_info=&#8221;{}&#8221;][\/et_pb_wc_meta][\/et_pb_column][\/et_pb_row][et_pb_row _builder_version=&#8221;4.16&#8243; background_size=&#8221;initial&#8221; background_position=&#8221;top_left&#8221; background_repeat=&#8221;repeat&#8221; width=&#8221;100%&#8221; global_colors_info=&#8221;{}&#8221;][et_pb_column type=&#8221;4_4&#8243; _builder_version=&#8221;4.16&#8243; custom_padding=&#8221;|||&#8221; global_colors_info=&#8221;{}&#8221; custom_padding__hover=&#8221;|||&#8221;][et_pb_wc_tabs _builder_version=&#8221;4.16&#8243; body_link_text_color=&#8221;#8c582a&#8221; global_colors_info=&#8221;{}&#8221;]\t\t\t\t\t[\/et_pb_wc_tabs][et_pb_wc_upsells _builder_version=&#8221;4.16&#8243; global_colors_info=&#8221;{}&#8221;][\/et_pb_wc_upsells][et_pb_wc_related_products _builder_version=&#8221;4.16&#8243; global_colors_info=&#8221;{}&#8221;][\/et_pb_wc_related_products][\/et_pb_column][\/et_pb_row][\/et_pb_section]<\/p>\n","protected":false},"excerpt":{"rendered":"<p>In diesem Nachschlagewerk werden anhand von 500 Beispielen rund 150 okkulte Bewegungen erl\u00e4utert. Als Nachschlagewerk gibt das Buch klare Wegweisung im okkulten Chaos unserer Zeit und enth\u00e4lt ein umfangreiches Kapitel \u00fcber die Befreiung aus okkulten Bindungen. Es ist ein Erg\u00e4nzungsband zu \u201eSeelsorge und Okkultismus.<\/p>\n<p><a href=\"\/wp-content\/uploads\/2022\/03\/Okkultes-ABC_Inhaltsverzeichnis.pdf\" target=\"_blank\" rel=\"noopener\">Inhaltsverzeichnis in neuem Fenster \u00f6ffnen.<\/a><\/p>\n","protected":false},"featured_media":117,"template":"","meta":{"_et_pb_use_builder":"on","_et_pb_old_content":"<ul>\r\n \t<li><strong>Gebundene Ausgabe:\u00a0<\/strong>752 Seiten<\/li>\r\n \t<li><strong>Verlag:\u00a0<\/strong>Bibel- und Schriftenmission Dr. Kurt E. Koch e.V.; Auflage: 5., Aufl. (2017)<\/li>\r\n \t<li><strong>Sprache:\u00a0<\/strong>Deutsch<\/li>\r\n \t<li><strong>ISBN:\u00a0<\/strong>978-3-924293-65-9<strong>\r\n<\/strong><\/li>\r\n<\/ul>\r\n<a href=\"\/wp-content\/uploads\/2022\/03\/Okkultes-ABC_Inhaltsverzeichnis.pdf\" target=\"_blank\" rel=\"noopener\">Inhaltsverzeichnis in neuem Fenster \u00f6ffnen.<\/a>\r\n<p class=\"bodytext\">Das Okkulte ABC ist ein Erg\u00e4nzungsband zu \u201eSeelsorge und Okkultismus\u201c. Es werden anhand von 500 Beispielen rund 150 okkulte Bewegungen erl\u00e4utert. Das Buch ist ein Nachschlagewerk, das in dem okkulten Chaos unserer Zeit klare Wegweisung gibt. Es zeigt den Weg der Befreiung auf und schlie\u00dft mit Zeugnissen von Menschen, die durch Jesus Christus Hilfe aus verschiedenen okkulten Bindungen gefunden haben.<\/p>","_et_gb_content_width":""},"product_brand":[],"product_cat":[18,19,20],"product_tag":[],"class_list":{"0":"post-113","1":"product","2":"type-product","3":"status-publish","4":"has-post-thumbnail","6":"product_cat-aufklaerung","7":"product_cat-seelsorge","8":"product_cat-zeitkritische-themen","9":"product_shipping_class-schwere-pakete","11":"first","12":"instock","13":"taxable","14":"shipping-taxable","15":"purchasable","16":"product-type-simple"},"_links":{"self":[{"href":"https:\/\/www.schriftenmission.de\/en\/wp-json\/wp\/v2\/product\/113","targetHints":{"allow":["GET"]}}],"collection":[{"href":"https:\/\/www.schriftenmission.de\/en\/wp-json\/wp\/v2\/product"}],"about":[{"href":"https:\/\/www.schriftenmission.de\/en\/wp-json\/wp\/v2\/types\/product"}],"wp:featuredmedia":[{"embeddable":true,"href":"https:\/\/www.schriftenmission.de\/en\/wp-json\/wp\/v2\/media\/117"}],"wp:attachment":[{"href":"https:\/\/www.schriftenmission.de\/en\/wp-json\/wp\/v2\/media?parent=113"}],"wp:term":[{"taxonomy":"product_brand","embeddable":true,"href":"https:\/\/www.schriftenmission.de\/en\/wp-json\/wp\/v2\/product_brand?post=113"},{"taxonomy":"product_cat","embeddable":true,"href":"https:\/\/www.schriftenmission.de\/en\/wp-json\/wp\/v2\/product_cat?post=113"},{"taxonomy":"product_tag","embeddable":true,"href":"https:\/\/www.schriftenmission.de\/en\/wp-json\/wp\/v2\/product_tag?post=113"}],"curies":[{"name":"wp","href":"https:\/\/api.w.org\/{rel}","templated":true}]}}