{"id":1187,"date":"2026-03-28T19:24:32","date_gmt":"2026-03-28T18:24:32","guid":{"rendered":"https:\/\/www.schriftenmission.de\/imprint\/"},"modified":"2023-10-13T08:24:54","modified_gmt":"2023-10-13T06:24:54","slug":"imprint","status":"publish","type":"page","link":"https:\/\/www.schriftenmission.de\/en\/imprint\/","title":{"rendered":"Imprint"},"content":{"rendered":"<p>[et_pb_section fb_built=&#8221;1&#8243; _builder_version=&#8221;4.16&#8243; _module_preset=&#8221;default&#8221; global_colors_info=&#8221;{}&#8221;][et_pb_row _builder_version=&#8221;4.16&#8243; _module_preset=&#8221;default&#8221; global_colors_info=&#8221;{}&#8221;][et_pb_column type=&#8221;4_4&#8243; _builder_version=&#8221;4.16&#8243; _module_preset=&#8221;default&#8221; global_colors_info=&#8221;{}&#8221;][et_pb_text _builder_version=&#8221;4.19.1&#8243; _module_preset=&#8221;default&#8221; hover_enabled=&#8221;0&#8243; global_colors_info=&#8221;{}&#8221; sticky_enabled=&#8221;0&#8243;]<\/p>\n<div class=\"csc-header csc-header-n1\">\n<h1 class=\"csc-firstHeader fusion-responsive-typography-calculated\" data-fontsize=\"34\" data-lineheight=\"47.6px\"><strong>Imprint<\/strong><\/h1>\n<\/div>\n<p>Bible and Scripture Mission Dr. Kurt E. Koch e.V.<br \/>Osterl\u00e4ngstr. 47<br \/>73527 Schw\u00e4bisch Gm\u00fcnd<br \/>Germany<\/p>\n<p>Phone: 07171-700460<br \/>Fax: 07171-700461<br \/>E-Mail: info@schriftenmission.de<\/p>\n<p>Register court: County court Ulm<br \/>Registration number: VR700803<\/p>\n<p>Authorized representatives of the board: Andrea Husslig, Georg Grau<\/p>\n<p>Responsible person in the sense of \u00a7 18 Abs. 2 MStV:<br \/>Andrea Husslig, Osterl\u00e4ngstr. 47, 73527 Schw\u00e4bisch Gm\u00fcnd, Germany<\/p>\n<p>Platform of the EU Commission for online dispute resolution: https:\/\/ec.europa.eu\/odr<\/p>\n<p>We are neither obliged nor willing to participate in a dispute resolution procedure before a consumer arbitration board.<\/p>\n<p class=\"bodytext\"><strong>Disclaimer:<\/strong> Despite careful control of the content, we assume no liability for the content of external links. The operators of the linked pages are solely responsible for their content.<\/p>\n<p>[\/et_pb_text][\/et_pb_column][\/et_pb_row][\/et_pb_section]<\/p>\n","protected":false},"excerpt":{"rendered":"<p>Imprint Bible and Scripture Mission Dr. Kurt E. Koch e.V.Osterl\u00e4ngstr. 4773527 Schw\u00e4bisch Gm\u00fcndGermany Phone: 07171-700460Fax: 07171-700461E-Mail: info@schriftenmission.de Register court: County court UlmRegistration number: VR700803 Authorized representatives of the board: Andrea Husslig, Georg Grau Responsible person in the sense of \u00a7 18 Abs. 2 MStV:Andrea Husslig, Osterl\u00e4ngstr. 47, 73527 Schw\u00e4bisch Gm\u00fcnd, Germany Platform of the EU [&hellip;]<\/p>\n","protected":false},"author":1,"featured_media":0,"parent":0,"menu_order":0,"comment_status":"closed","ping_status":"closed","template":"","meta":{"_et_pb_use_builder":"on","_et_pb_old_content":"","_et_gb_content_width":"","footnotes":""},"class_list":["post-1187","page","type-page","status-publish","hentry"],"_links":{"self":[{"href":"https:\/\/www.schriftenmission.de\/en\/wp-json\/wp\/v2\/pages\/1187","targetHints":{"allow":["GET"]}}],"collection":[{"href":"https:\/\/www.schriftenmission.de\/en\/wp-json\/wp\/v2\/pages"}],"about":[{"href":"https:\/\/www.schriftenmission.de\/en\/wp-json\/wp\/v2\/types\/page"}],"author":[{"embeddable":true,"href":"https:\/\/www.schriftenmission.de\/en\/wp-json\/wp\/v2\/users\/1"}],"replies":[{"embeddable":true,"href":"https:\/\/www.schriftenmission.de\/en\/wp-json\/wp\/v2\/comments?post=1187"}],"version-history":[{"count":4,"href":"https:\/\/www.schriftenmission.de\/en\/wp-json\/wp\/v2\/pages\/1187\/revisions"}],"predecessor-version":[{"id":1193,"href":"https:\/\/www.schriftenmission.de\/en\/wp-json\/wp\/v2\/pages\/1187\/revisions\/1193"}],"wp:attachment":[{"href":"https:\/\/www.schriftenmission.de\/en\/wp-json\/wp\/v2\/media?parent=1187"}],"curies":[{"name":"wp","href":"https:\/\/api.w.org\/{rel}","templated":true}]}}